{"id":12835,"date":"2020-12-07T16:48:01","date_gmt":"2020-12-07T16:48:01","guid":{"rendered":"https:\/\/charlesriver-wpml.site.findly.com\/?page_id=12835"},"modified":"2024-05-03T05:31:45","modified_gmt":"2024-05-03T05:31:45","slug":"join","status":"publish","type":"page","link":"https:\/\/jobs.criver.com\/hu\/profile\/join\/","title":{"rendered":"Join our Talent Community"},"content":{"rendered":"<div id=\"sessionNotificationContainer\"><\/div>\n<div id=\"genericContainer\"><\/div>\n<div ng-view><\/div>\n","protected":false},"excerpt":{"rendered":"","protected":false},"author":1472,"featured_media":0,"parent":12831,"menu_order":0,"comment_status":"closed","ping_status":"closed","template":"100-width.php","meta":{"footnotes":""},"persona":[],"class_list":["post-12835","page","type-page","status-publish","hentry"],"yoast_head":"<!-- This site is optimized with the Yoast SEO Premium plugin v23.0 (Yoast SEO v23.0) - https:\/\/yoast.com\/wordpress\/plugins\/seo\/ -->\n<title>Charles River Karrier \u2013 \u00c1ll\u00e1s\u00e9rtes\u00edt\u00e9sek<\/title>\n<meta name=\"description\" content=\"N\u00f6velje Charles River-i karrierkeres\u00e9s\u00e9nek hat\u00e9konys\u00e1g\u00e1t az\u00e1ltal, hogy feliratkozik \u00e1ll\u00e1s\u00e9rtes\u00edt\u00e9sekre.\" \/>\n<meta name=\"robots\" content=\"index, follow, max-snippet:-1, max-image-preview:large, max-video-preview:-1\" \/>\n<link rel=\"canonical\" href=\"https:\/\/jobs.criver.com\/hu\/profile\/join\/\" \/>\n<meta property=\"og:locale\" content=\"hu_HU\" \/>\n<meta property=\"og:type\" content=\"article\" \/>\n<meta property=\"og:title\" content=\"Join our Talent Community\" \/>\n<meta property=\"og:description\" content=\"N\u00f6velje Charles River-i karrierkeres\u00e9s\u00e9nek hat\u00e9konys\u00e1g\u00e1t az\u00e1ltal, hogy feliratkozik \u00e1ll\u00e1s\u00e9rtes\u00edt\u00e9sekre.\" \/>\n<meta property=\"og:url\" content=\"https:\/\/jobs.criver.com\/hu\/profile\/join\/\" \/>\n<meta property=\"og:site_name\" content=\"Charles River - Production\" \/>\n<meta property=\"article:modified_time\" content=\"2024-05-03T05:31:45+00:00\" \/>\n<meta property=\"og:image\" content=\"https:\/\/jobs.criver.com\/wp-content\/uploads\/sites\/3536\/2024\/06\/charles-river-seo.png\" \/>\n\t<meta property=\"og:image:width\" content=\"300\" \/>\n\t<meta property=\"og:image:height\" content=\"300\" \/>\n\t<meta property=\"og:image:type\" content=\"image\/png\" \/>\n<meta name=\"twitter:card\" content=\"summary_large_image\" \/>\n<meta name=\"twitter:label1\" content=\"Becs\u00fclt olvas\u00e1si id\u0151\" \/>\n\t<meta name=\"twitter:data1\" content=\"20 perc\" \/>\n<script type=\"application\/ld+json\" class=\"yoast-schema-graph\">{\"@context\":\"https:\/\/schema.org\",\"@graph\":[{\"@type\":\"WebPage\",\"@id\":\"https:\/\/jobs.criver.com\/hu\/profile\/join\/\",\"url\":\"https:\/\/jobs.criver.com\/hu\/profile\/join\/\",\"name\":\"Charles River Karrier \u2013 \u00c1ll\u00e1s\u00e9rtes\u00edt\u00e9sek\",\"isPartOf\":{\"@id\":\"https:\/\/jobs.criver.com\/#website\"},\"datePublished\":\"2020-12-07T16:48:01+00:00\",\"dateModified\":\"2024-05-03T05:31:45+00:00\",\"description\":\"N\u00f6velje Charles River-i karrierkeres\u00e9s\u00e9nek hat\u00e9konys\u00e1g\u00e1t az\u00e1ltal, hogy feliratkozik \u00e1ll\u00e1s\u00e9rtes\u00edt\u00e9sekre.\",\"breadcrumb\":{\"@id\":\"https:\/\/jobs.criver.com\/hu\/profile\/join\/#breadcrumb\"},\"inLanguage\":\"hu\",\"potentialAction\":[{\"@type\":\"ReadAction\",\"target\":[\"https:\/\/jobs.criver.com\/hu\/profile\/join\/\"]}]},{\"@type\":\"BreadcrumbList\",\"@id\":\"https:\/\/jobs.criver.com\/hu\/profile\/join\/#breadcrumb\",\"itemListElement\":[{\"@type\":\"ListItem\",\"position\":1,\"name\":\"Home\",\"item\":\"https:\/\/jobs.criver.com\/hu\/\"},{\"@type\":\"ListItem\",\"position\":2,\"name\":\"Profile\",\"item\":\"https:\/\/jobs.criver.com\/hu\/profile\/\"},{\"@type\":\"ListItem\",\"position\":3,\"name\":\"Join our Talent Community\"}]},{\"@type\":\"WebSite\",\"@id\":\"https:\/\/jobs.criver.com\/#website\",\"url\":\"https:\/\/jobs.criver.com\/\",\"name\":\"Charles River - Production\",\"description\":\"Charlesriver\",\"publisher\":{\"@id\":\"https:\/\/jobs.criver.com\/#organization\"},\"potentialAction\":[{\"@type\":\"SearchAction\",\"target\":{\"@type\":\"EntryPoint\",\"urlTemplate\":\"https:\/\/jobs.criver.com\/?s={search_term_string}\"},\"query-input\":\"required name=search_term_string\"}],\"inLanguage\":\"hu\"},{\"@type\":\"Organization\",\"@id\":\"https:\/\/jobs.criver.com\/#organization\",\"name\":\"Charles River - Production\",\"url\":\"https:\/\/jobs.criver.com\/\",\"logo\":{\"@type\":\"ImageObject\",\"inLanguage\":\"hu\",\"@id\":\"https:\/\/jobs.criver.com\/#\/schema\/logo\/image\/\",\"url\":\"https:\/\/cdn-static.findly.com\/wp-content\/uploads\/sites\/3143\/2024\/01\/03075710\/Logo.svg\",\"contentUrl\":\"https:\/\/cdn-static.findly.com\/wp-content\/uploads\/sites\/3143\/2024\/01\/03075710\/Logo.svg\",\"width\":1,\"height\":1,\"caption\":\"Charles River - Production\"},\"image\":{\"@id\":\"https:\/\/jobs.criver.com\/#\/schema\/logo\/image\/\"}}]}<\/script>\n<!-- \/ Yoast SEO Premium plugin. -->","yoast_head_json":{"title":"Charles River Karrier \u2013 \u00c1ll\u00e1s\u00e9rtes\u00edt\u00e9sek","description":"N\u00f6velje Charles River-i karrierkeres\u00e9s\u00e9nek hat\u00e9konys\u00e1g\u00e1t az\u00e1ltal, hogy feliratkozik \u00e1ll\u00e1s\u00e9rtes\u00edt\u00e9sekre.","robots":{"index":"index","follow":"follow","max-snippet":"max-snippet:-1","max-image-preview":"max-image-preview:large","max-video-preview":"max-video-preview:-1"},"canonical":"https:\/\/jobs.criver.com\/hu\/profile\/join\/","og_locale":"hu_HU","og_type":"article","og_title":"Join our Talent Community","og_description":"N\u00f6velje Charles River-i karrierkeres\u00e9s\u00e9nek hat\u00e9konys\u00e1g\u00e1t az\u00e1ltal, hogy feliratkozik \u00e1ll\u00e1s\u00e9rtes\u00edt\u00e9sekre.","og_url":"https:\/\/jobs.criver.com\/hu\/profile\/join\/","og_site_name":"Charles River - Production","article_modified_time":"2024-05-03T05:31:45+00:00","og_image":[{"width":300,"height":300,"url":"https:\/\/jobs.criver.com\/wp-content\/uploads\/sites\/3536\/2024\/06\/charles-river-seo.png","type":"image\/png"}],"twitter_card":"summary_large_image","twitter_misc":{"Becs\u00fclt olvas\u00e1si id\u0151":"20 perc"},"schema":{"@context":"https:\/\/schema.org","@graph":[{"@type":"WebPage","@id":"https:\/\/jobs.criver.com\/hu\/profile\/join\/","url":"https:\/\/jobs.criver.com\/hu\/profile\/join\/","name":"Charles River Karrier \u2013 \u00c1ll\u00e1s\u00e9rtes\u00edt\u00e9sek","isPartOf":{"@id":"https:\/\/jobs.criver.com\/#website"},"datePublished":"2020-12-07T16:48:01+00:00","dateModified":"2024-05-03T05:31:45+00:00","description":"N\u00f6velje Charles River-i karrierkeres\u00e9s\u00e9nek hat\u00e9konys\u00e1g\u00e1t az\u00e1ltal, hogy feliratkozik \u00e1ll\u00e1s\u00e9rtes\u00edt\u00e9sekre.","breadcrumb":{"@id":"https:\/\/jobs.criver.com\/hu\/profile\/join\/#breadcrumb"},"inLanguage":"hu","potentialAction":[{"@type":"ReadAction","target":["https:\/\/jobs.criver.com\/hu\/profile\/join\/"]}]},{"@type":"BreadcrumbList","@id":"https:\/\/jobs.criver.com\/hu\/profile\/join\/#breadcrumb","itemListElement":[{"@type":"ListItem","position":1,"name":"Home","item":"https:\/\/jobs.criver.com\/hu\/"},{"@type":"ListItem","position":2,"name":"Profile","item":"https:\/\/jobs.criver.com\/hu\/profile\/"},{"@type":"ListItem","position":3,"name":"Join our Talent Community"}]},{"@type":"WebSite","@id":"https:\/\/jobs.criver.com\/#website","url":"https:\/\/jobs.criver.com\/","name":"Charles River - Production","description":"Charlesriver","publisher":{"@id":"https:\/\/jobs.criver.com\/#organization"},"potentialAction":[{"@type":"SearchAction","target":{"@type":"EntryPoint","urlTemplate":"https:\/\/jobs.criver.com\/?s={search_term_string}"},"query-input":"required name=search_term_string"}],"inLanguage":"hu"},{"@type":"Organization","@id":"https:\/\/jobs.criver.com\/#organization","name":"Charles River - Production","url":"https:\/\/jobs.criver.com\/","logo":{"@type":"ImageObject","inLanguage":"hu","@id":"https:\/\/jobs.criver.com\/#\/schema\/logo\/image\/","url":"https:\/\/cdn-static.findly.com\/wp-content\/uploads\/sites\/3143\/2024\/01\/03075710\/Logo.svg","contentUrl":"https:\/\/cdn-static.findly.com\/wp-content\/uploads\/sites\/3143\/2024\/01\/03075710\/Logo.svg","width":1,"height":1,"caption":"Charles River - Production"},"image":{"@id":"https:\/\/jobs.criver.com\/#\/schema\/logo\/image\/"}}]}},"_links":{"self":[{"href":"https:\/\/jobs.criver.com\/hu\/wp-json\/wp\/v2\/pages\/12835","targetHints":{"allow":["GET"]}}],"collection":[{"href":"https:\/\/jobs.criver.com\/hu\/wp-json\/wp\/v2\/pages"}],"about":[{"href":"https:\/\/jobs.criver.com\/hu\/wp-json\/wp\/v2\/types\/page"}],"author":[{"embeddable":true,"href":"https:\/\/jobs.criver.com\/hu\/wp-json\/wp\/v2\/users\/1472"}],"replies":[{"embeddable":true,"href":"https:\/\/jobs.criver.com\/hu\/wp-json\/wp\/v2\/comments?post=12835"}],"version-history":[{"count":4,"href":"https:\/\/jobs.criver.com\/hu\/wp-json\/wp\/v2\/pages\/12835\/revisions"}],"predecessor-version":[{"id":15117,"href":"https:\/\/jobs.criver.com\/hu\/wp-json\/wp\/v2\/pages\/12835\/revisions\/15117"}],"up":[{"embeddable":true,"href":"https:\/\/jobs.criver.com\/hu\/wp-json\/wp\/v2\/pages\/12831"}],"wp:attachment":[{"href":"https:\/\/jobs.criver.com\/hu\/wp-json\/wp\/v2\/media?parent=12835"}],"wp:term":[{"taxonomy":"persona","embeddable":true,"href":"https:\/\/jobs.criver.com\/hu\/wp-json\/wp\/v2\/persona?post=12835"}],"curies":[{"name":"wp","href":"https:\/\/api.w.org\/{rel}","templated":true}]}}